{"id":144,"date":"2017-09-10T11:02:42","date_gmt":"2017-09-10T11:02:42","guid":{"rendered":"http:\/\/angel.iamabdus.com\/?page_id=144"},"modified":"2024-02-28T20:07:19","modified_gmt":"2024-02-28T19:07:19","slug":"about-us","status":"publish","type":"page","link":"https:\/\/www.chadathaimassagemadrid.com\/es\/about-us\/","title":{"rendered":"NOSOTROS"},"content":{"rendered":"<div data-elementor-type=\"wp-post\" data-elementor-id=\"144\" class=\"elementor elementor-144\">\n\t\t\t\t\t\t\t\t\t<section class=\"elementor-section elementor-top-section elementor-element elementor-element-63786c2 elementor-section-boxed elementor-section-height-default elementor-section-height-default\" data-id=\"63786c2\" data-element_type=\"section\" data-settings=\"{&quot;background_background&quot;:&quot;classic&quot;}\">\n\t\t\t\t\t\t<div class=\"elementor-container elementor-column-gap-no\">\n\t\t\t\t\t<div class=\"elementor-column elementor-col-100 elementor-top-column elementor-element elementor-element-f30bf77\" data-id=\"f30bf77\" data-element_type=\"column\">\n\t\t\t<div class=\"elementor-widget-wrap elementor-element-populated\">\n\t\t\t\t\t\t\t\t<section class=\"elementor-section elementor-inner-section elementor-element elementor-element-1629e8c elementor-section-boxed elementor-section-height-default elementor-section-height-default\" data-id=\"1629e8c\" data-element_type=\"section\">\n\t\t\t\t\t\t<div class=\"elementor-container elementor-column-gap-no\">\n\t\t\t\t\t<div class=\"elementor-column elementor-col-50 elementor-inner-column elementor-element elementor-element-007801c\" data-id=\"007801c\" data-element_type=\"column\">\n\t\t\t<div class=\"elementor-widget-wrap elementor-element-populated\">\n\t\t\t\t\t\t\t\t<div class=\"elementor-element elementor-element-982260a elementor-widget elementor-widget-image\" data-id=\"982260a\" data-element_type=\"widget\" data-widget_type=\"image.default\">\n\t\t\t\t<div class=\"elementor-widget-container\">\n\t\t\t<style>\/*! elementor - v3.17.0 - 01-11-2023 *\/\n.elementor-widget-image{text-align:center}.elementor-widget-image a{display:inline-block}.elementor-widget-image a img[src$=\".svg\"]{width:48px}.elementor-widget-image img{vertical-align:middle;display:inline-block}<\/style>\t\t\t\t\t\t\t\t\t\t\t\t<img fetchpriority=\"high\" decoding=\"async\" width=\"540\" height=\"400\" src=\"\/wp-content\/uploads\/2022\/04\/home-about-1-1.jpg\" class=\"attachment-large size-large wp-image-5393\" alt=\"\" srcset=\"\/wp-content\/uploads\/2022\/04\/home-about-1-1.jpg 540w, \/wp-content\/uploads\/2022\/04\/home-about-1-1-300x222.jpg 300w\" sizes=\"(max-width: 540px) 100vw, 540px\" \/>\t\t\t\t\t\t\t\t\t\t\t\t\t\t\t<\/div>\n\t\t\t\t<\/div>\n\t\t\t\t\t<\/div>\n\t\t<\/div>\n\t\t\t\t<div class=\"elementor-column elementor-col-50 elementor-inner-column elementor-element elementor-element-27cbc0a\" data-id=\"27cbc0a\" data-element_type=\"column\" data-settings=\"{&quot;background_background&quot;:&quot;classic&quot;}\">\n\t\t\t<div class=\"elementor-widget-wrap elementor-element-populated\">\n\t\t\t\t\t\t\t\t<div class=\"elementor-element elementor-element-d3294a9 elementor-widget elementor-widget-heading\" data-id=\"d3294a9\" data-element_type=\"widget\" data-widget_type=\"heading.default\">\n\t\t\t\t<div class=\"elementor-widget-container\">\n\t\t\t<style>\/*! elementor - v3.17.0 - 01-11-2023 *\/\n.elementor-heading-title{padding:0;margin:0;line-height:1}.elementor-widget-heading .elementor-heading-title[class*=elementor-size-]>a{color:inherit;font-size:inherit;line-height:inherit}.elementor-widget-heading .elementor-heading-title.elementor-size-small{font-size:15px}.elementor-widget-heading .elementor-heading-title.elementor-size-medium{font-size:19px}.elementor-widget-heading .elementor-heading-title.elementor-size-large{font-size:29px}.elementor-widget-heading .elementor-heading-title.elementor-size-xl{font-size:39px}.elementor-widget-heading .elementor-heading-title.elementor-size-xxl{font-size:59px}<\/style><h3 class=\"elementor-heading-title elementor-size-default\">CHADA MASAJE TAILAND\u00c9S MADRID<\/h3>\t\t<\/div>\n\t\t\t\t<\/div>\n\t\t\t\t<div class=\"elementor-element elementor-element-6947dc8 elementor-widget elementor-widget-text-editor\" data-id=\"6947dc8\" data-element_type=\"widget\" data-widget_type=\"text-editor.default\">\n\t\t\t\t<div class=\"elementor-widget-container\">\n\t\t\t<style>\/*! elementor - v3.17.0 - 01-11-2023 *\/\n.elementor-widget-text-editor.elementor-drop-cap-view-stacked .elementor-drop-cap{background-color:#69727d;color:#fff}.elementor-widget-text-editor.elementor-drop-cap-view-framed .elementor-drop-cap{color:#69727d;border:3px solid;background-color:transparent}.elementor-widget-text-editor:not(.elementor-drop-cap-view-default) .elementor-drop-cap{margin-top:8px}.elementor-widget-text-editor:not(.elementor-drop-cap-view-default) .elementor-drop-cap-letter{width:1em;height:1em}.elementor-widget-text-editor .elementor-drop-cap{float:left;text-align:center;line-height:1;font-size:50px}.elementor-widget-text-editor .elementor-drop-cap-letter{display:inline-block}<\/style>\t\t\t\t<div class=\"elementor-element elementor-element-fwvrh4d elementor-widget elementor-widget-heading\" data-id=\"fwvrh4d\" data-element_type=\"widget\" data-widget_type=\"heading.default\"><div class=\"elementor-widget-container\"><h3 class=\"elementor-heading-title elementor-size-default\"><span style=\"font-size: 16px;\">Chada Thai Massage est\u00e1 convenientemente ubicado en el distrito de Arg\u00fcelles por solo A 350m y 4 min andando de la l\u00ednea 3 del Metro. Aqu\u00ed podr\u00e1s encontrar de todo. necesitas ayudarte con tu viaje, incluidas las indicaciones para llegar al lugar, no importa de donde vienes<\/span><\/h3><\/div><\/div>\t\t\t\t\t\t<\/div>\n\t\t\t\t<\/div>\n\t\t\t\t\t<\/div>\n\t\t<\/div>\n\t\t\t\t\t\t\t<\/div>\n\t\t<\/section>\n\t\t\t\t\t<\/div>\n\t\t<\/div>\n\t\t\t\t\t\t\t<\/div>\n\t\t<\/section>\n\t\t\t\t<section class=\"elementor-section elementor-top-section elementor-element elementor-element-64e42f2c elementor-section-boxed elementor-section-height-default elementor-section-height-default\" data-id=\"64e42f2c\" data-element_type=\"section\">\n\t\t\t\t\t\t<div class=\"elementor-container elementor-column-gap-no\">\n\t\t\t\t\t<div class=\"elementor-column elementor-col-100 elementor-top-column elementor-element elementor-element-785ed277\" data-id=\"785ed277\" data-element_type=\"column\">\n\t\t\t<div class=\"elementor-widget-wrap elementor-element-populated\">\n\t\t\t\t\t\t\t\t<div class=\"elementor-element elementor-element-be25fd3 elementor-widget elementor-widget-image\" data-id=\"be25fd3\" data-element_type=\"widget\" data-widget_type=\"image.default\">\n\t\t\t\t<div class=\"elementor-widget-container\">\n\t\t\t\t\t\t\t\t\t\t\t\t\t\t\t<img decoding=\"async\" width=\"1390\" height=\"636\" src=\"\/wp-content\/uploads\/2023\/12\/ChataThai.png\" class=\"attachment-full size-full wp-image-5822\" alt=\"\" srcset=\"\/wp-content\/uploads\/2023\/12\/ChataThai.png 1390w, \/wp-content\/uploads\/2023\/12\/ChataThai-300x137.png 300w, \/wp-content\/uploads\/2023\/12\/ChataThai-1024x469.png 1024w, \/wp-content\/uploads\/2023\/12\/ChataThai-768x351.png 768w, \/wp-content\/uploads\/2023\/12\/ChataThai-18x8.png 18w\" sizes=\"(max-width: 1390px) 100vw, 1390px\" \/>\t\t\t\t\t\t\t\t\t\t\t\t\t\t\t<\/div>\n\t\t\t\t<\/div>\n\t\t\t\t\t<\/div>\n\t\t<\/div>\n\t\t\t\t\t\t\t<\/div>\n\t\t<\/section>\n\t\t\t\t<section class=\"elementor-section elementor-top-section elementor-element elementor-element-8a09028 elementor-section-boxed elementor-section-height-default elementor-section-height-default\" data-id=\"8a09028\" data-element_type=\"section\" data-settings=\"{&quot;background_background&quot;:&quot;classic&quot;}\">\n\t\t\t\t\t\t<div class=\"elementor-container elementor-column-gap-no\">\n\t\t\t\t\t<div class=\"elementor-column elementor-col-100 elementor-top-column elementor-element elementor-element-4f1a16d\" data-id=\"4f1a16d\" data-element_type=\"column\">\n\t\t\t<div class=\"elementor-widget-wrap\">\n\t\t\t\t\t\t\t\t\t<\/div>\n\t\t<\/div>\n\t\t\t\t\t\t\t<\/div>\n\t\t<\/section>\n\t\t\t\t<section class=\"elementor-section elementor-top-section elementor-element elementor-element-14cb152 elementor-section-boxed elementor-section-height-default elementor-section-height-default\" data-id=\"14cb152\" data-element_type=\"section\">\n\t\t\t\t\t\t<div class=\"elementor-container elementor-column-gap-no\">\n\t\t\t\t\t<div class=\"elementor-column elementor-col-100 elementor-top-column elementor-element elementor-element-6171c26\" data-id=\"6171c26\" data-element_type=\"column\">\n\t\t\t<div class=\"elementor-widget-wrap\">\n\t\t\t\t\t\t\t\t\t<\/div>\n\t\t<\/div>\n\t\t\t\t\t\t\t<\/div>\n\t\t<\/section>\n\t\t\t\t<section class=\"elementor-section elementor-top-section elementor-element elementor-element-5ea5271 elementor-section-boxed elementor-section-height-default elementor-section-height-default\" data-id=\"5ea5271\" data-element_type=\"section\" data-settings=\"{&quot;background_background&quot;:&quot;classic&quot;}\">\n\t\t\t\t\t\t<div class=\"elementor-container elementor-column-gap-default\">\n\t\t\t\t\t<div class=\"elementor-column elementor-col-100 elementor-top-column elementor-element elementor-element-5d16581\" data-id=\"5d16581\" data-element_type=\"column\">\n\t\t\t<div class=\"elementor-widget-wrap\">\n\t\t\t\t\t\t\t\t\t<\/div>\n\t\t<\/div>\n\t\t\t\t\t\t\t<\/div>\n\t\t<\/section>\n\t\t\t\t\t\t\t<\/div>","protected":false},"excerpt":{"rendered":"<p>CHADA MASAJE TAILAND\u00c9S MADRID Chada Thai Massage est\u00e1 convenientemente ubicado en el distrito de Arg\u00fcelles por solo A 350m y 4 min andando de la l\u00ednea 3 del Metro. Aqu\u00ed podr\u00e1s encontrar de todo. necesitas ayudarte con tu viaje, incluidas las indicaciones para llegar al lugar, no importa de donde vienes<\/p>","protected":false},"author":1,"featured_media":145,"parent":0,"menu_order":0,"comment_status":"closed","ping_status":"closed","template":"page-templates\/full-width-title.php","meta":[],"_links":{"self":[{"href":"https:\/\/www.chadathaimassagemadrid.com\/es\/wp-json\/wp\/v2\/pages\/144"}],"collection":[{"href":"https:\/\/www.chadathaimassagemadrid.com\/es\/wp-json\/wp\/v2\/pages"}],"about":[{"href":"https:\/\/www.chadathaimassagemadrid.com\/es\/wp-json\/wp\/v2\/types\/page"}],"author":[{"embeddable":true,"href":"https:\/\/www.chadathaimassagemadrid.com\/es\/wp-json\/wp\/v2\/users\/1"}],"replies":[{"embeddable":true,"href":"https:\/\/www.chadathaimassagemadrid.com\/es\/wp-json\/wp\/v2\/comments?post=144"}],"version-history":[{"count":13,"href":"https:\/\/www.chadathaimassagemadrid.com\/es\/wp-json\/wp\/v2\/pages\/144\/revisions"}],"predecessor-version":[{"id":5962,"href":"https:\/\/www.chadathaimassagemadrid.com\/es\/wp-json\/wp\/v2\/pages\/144\/revisions\/5962"}],"wp:featuredmedia":[{"embeddable":true,"href":"https:\/\/www.chadathaimassagemadrid.com\/es\/wp-json\/wp\/v2\/media\/145"}],"wp:attachment":[{"href":"https:\/\/www.chadathaimassagemadrid.com\/es\/wp-json\/wp\/v2\/media?parent=144"}],"curies":[{"name":"wp","href":"https:\/\/api.w.org\/{rel}","templated":true}]}}